{"id":5124,"date":"2026-02-06T14:00:29","date_gmt":"2026-02-06T13:00:29","guid":{"rendered":"https:\/\/atala.nukium.io\/%e6%b3%95%e5%be%8b%e8%81%b2%e6%98%8e\/"},"modified":"2026-02-06T14:00:29","modified_gmt":"2026-02-06T13:00:29","slug":"%e6%b3%95%e5%be%8b%e8%81%b2%e6%98%8e","status":"publish","type":"page","link":"https:\/\/www.hotel-atala.com\/zh-hant\/%e6%b3%95%e5%be%8b%e8%81%b2%e6%98%8e\/","title":{"rendered":"\u6cd5\u5f8b\u8072\u660e"},"content":{"rendered":"\t\t<div data-elementor-type=\"wp-page\" data-elementor-id=\"5124\" class=\"elementor elementor-5124 elementor-836\" data-elementor-post-type=\"page\">\n\t\t\t\t<div class=\"elementor-element elementor-element-70376b4b e-flex e-con-boxed e-con e-parent\" data-id=\"70376b4b\" data-element_type=\"container\" data-settings=\"{&quot;hoteller_ext_is_background_parallax&quot;:&quot;false&quot;,&quot;hoteller_ext_is_background_backdrop&quot;:&quot;false&quot;,&quot;hoteller_ext_is_background_on_scroll&quot;:&quot;false&quot;,&quot;hoteller_ext_link_sidemenu&quot;:&quot;false&quot;,&quot;hoteller_ext_link_fullmenu&quot;:&quot;false&quot;,&quot;hoteller_ext_link_closed_fullmenu&quot;:&quot;false&quot;,&quot;hoteller_ext_is_scrollme&quot;:&quot;false&quot;,&quot;hoteller_ext_is_smoove&quot;:&quot;false&quot;,&quot;hoteller_ext_is_parallax_mouse&quot;:&quot;false&quot;,&quot;hoteller_ext_is_infinite&quot;:&quot;false&quot;,&quot;hoteller_ext_is_fadeout_animation&quot;:&quot;false&quot;,&quot;hoteller_ext_mobile_static&quot;:&quot;false&quot;}\">\n\t\t\t\t\t<div class=\"e-con-inner\">\n\t\t\t\t<div class=\"elementor-element elementor-element-200aad0 elementor-widget elementor-widget-text-editor\" data-id=\"200aad0\" data-element_type=\"widget\" data-settings=\"{&quot;hoteller_ext_link_sidemenu&quot;:&quot;false&quot;,&quot;hoteller_ext_link_fullmenu&quot;:&quot;false&quot;,&quot;hoteller_ext_link_closed_fullmenu&quot;:&quot;false&quot;,&quot;hoteller_ext_is_scrollme&quot;:&quot;false&quot;,&quot;hoteller_ext_is_smoove&quot;:&quot;false&quot;,&quot;hoteller_ext_is_parallax_mouse&quot;:&quot;false&quot;,&quot;hoteller_ext_is_infinite&quot;:&quot;false&quot;,&quot;hoteller_ext_is_fadeout_animation&quot;:&quot;false&quot;,&quot;hoteller_ext_mobile_static&quot;:&quot;false&quot;}\" data-widget_type=\"text-editor.default\">\n\t\t\t\t\t\t\t\t\t<h1>\u6cd5\u5f8b\u8072\u660e<\/h1><p>\u5728\u700f\u89bd\u672c\u7db2\u7ad9\u5404\u9801\u9762\u4e4b\u524d\uff0c\u8acb\u4ed4\u7d30\u95b1\u8b80\u672c\u7db2\u7ad9\u7684\u5404\u9805\u4f7f\u7528\u689d\u6b3e\u3002\u767b\u5165\u672c\u7db2\u7ad9\u5373\u8868\u793a\u60a8\u7121\u689d\u4ef6\u63a5\u53d7\u672c\u689d\u6b3e\u3002\u6b64\u5916\uff0c\u6839\u64da2004\u5e746\u670821\u65e5\u7b2c2004-575\u865f\u300a\u6578\u4f4d\u7d93\u6fdf\u4fe1\u4efb\u6cd5\u300b\u7b2c6\u689d\u898f\u5b9a\uff0c\u672c\u7db2\u7ad9 <a href=\"http:\/\/www.hotel-atala.com\">www.hotel-atala.com <\/a>\u7684\u8ca0\u8cac\u4eba\u70ba\uff1a  <\/p><p style=\"color: #b51a00;\"><span style=\"color: #000000;\"><span style=\"color: #000000;\"><b>\u00c9diteur<\/b><\/span><b style=\"color: #000000;\"> du Site : <\/b> <\/span><\/p><p>\u963f\u5854\u62c9\u9152\u5e97\u516c\u53f8<br>SIRET\u7de8\u865f\uff1a57209916600017<br>\u6b50\u76df\u5167\u90e8\u589e\u503c\u7a05\u865f\uff1aFR74572099166<br>\u80a1\u672c\uff1a81,000\u6b50\u5143<br>\u7de8\u8f2f\u8ca0\u8cac\u4eba\uff1aBenjamin Tolub<br>\u5730\u5740\uff1a10 Rue Ch\u00e2teaubriand 75008 Paris<br>\u96fb\u8a71\uff1a+33 1 45 62 01 62 &#8211; \u50b3\u771f\uff1a+33 1 45 62 01 62<br>\u96fb\u5b50\u90f5\u4ef6\uff1abtolub@hotel-atala.com<br>\u7db2\u7ad9\uff1a<a href=\"http:\/\/www.hotel-atala.com\">www.hotel-atala.com<\/a><\/p><p style=\"color: #b51a00;\"><b><span style=\"color: #000000;\">\u4f4f\u5bbf\uff1a<\/span> <\/b><\/p><p>\u4e3b\u6a5f\u4f9b\u61c9\u5546\uff1aOVH<br>\u5730\u5740\uff1a2 Rue Kellermann, 59100 Roubaix<br>\u7db2\u7ad9\uff1a<a href=\"http:\/\/www.ovh.com\">www.ovh.com<\/a><\/p><p style=\"color: #b51a00;\"><span style=\"color: #000000;\"><b>\u4f7f\u7528\u689d\u6b3e\uff1a <\/b><\/span><\/p><p>\u672c\u7db2\u7ad9\uff08<a href=\"http:\/\/www.hotel-atala.com\">www.hotel-atala.com<\/a>\uff09\u63d0\u4f9b\u591a\u7a2e\u7db2\u9801\u8a9e\u8a00\uff08HTML\u3001HTML5\u3001Javascript\u3001CSS \u7b49\uff09\u7248\u672c\uff0c\u70ba\u63d0\u4f9b\u66f4\u4f73\u7684\u4f7f\u7528\u9ad4\u9a57\u8207\u66f4\u8212\u9069\u7684\u8996\u89ba\u6548\u679c\uff0c\u5efa\u8b70\u60a8\u4f7f\u7528\u73fe\u4ee3\u700f\u89bd\u5668\uff0c\u4f8b\u5982 Internet Explorer\u3001Safari\u3001Firefox\u3001Google Chrome \u7b49\u3002<br><a title=\"\u514d\u8cbb\u7db2\u7ad9\u6cd5\u5f8b\u8072\u660e\u751f\u6210\u5668\" href=\"http:\/\/www.generateur-de-mentions-legales.com\">\u6cd5\u5f8b\u8072\u660e\u7531<\/a> <a title=\"\u5df4\u9ece\u5370\u5237\u5ee0\uff0c\u5df4\u9ece\u5370\u5237\u5546\" href=\"http:\/\/welye.com\">Welye<\/a> \u63d0\u4f9b\u7684\u6cd5\u5f8b\u8072\u660e\u751f\u6210\u5668\u7db2\u7ad9\u6240\u7522\u751f\u3002<\/p><p>\u963f\u5854\u62c9\u9152\u5e97\u516c\u53f8\u5c07\u76e1\u5176\u6240\u80fd\u78ba\u4fdd\u5176\u7db2\u7ad9\u8cc7\u8a0a\u7684\u53ef\u9760\u6027\u8207\u53ca\u6642\u66f4\u65b0\u3002\u7136\u800c\uff0c\u932f\u8aa4\u6216\u907a\u6f0f\u4ecd\u53ef\u80fd\u767c\u751f\u3002\u56e0\u6b64\uff0c\u7db2\u969b\u7db2\u8def\u4f7f\u7528\u8005\u61c9\u5411 \u78ba\u8a8d\u8cc7\u8a0a\u7684\u6e96\u78ba\u6027\uff0c\u4e26\u5831\u544a\u5176\u8a8d\u70ba\u6709\u7528\u7684\u7db2\u7ad9\u4fee\u6539\u3002\u5c0d\u65bc\u9019\u4e9b\u8cc7\u8a0a\u7684\u4f7f\u7528\u4ee5\u53ca\u7531\u6b64\u53ef\u80fd\u9020\u6210\u7684\u4efb\u4f55\u76f4\u63a5\u6216\u9593\u63a5\u640d\u5931\uff0c \u6982\u4e0d\u8ca0\u8cac\u3002   <\/p><p>Cookies\uff1a<a href=\"http:\/\/www.hotel-atala.com\">www.hotel-atala.com<\/a> \u7db2\u7ad9\u53ef\u80fd\u6703\u8981\u6c42\u60a8\u63a5\u53d7 Cookies\uff0c\u4ee5\u9032\u884c\u7d71\u8a08\u548c\u986f\u793a\u4e4b\u7528\u3002Cookies \u662f\u60a8\u6240\u700f\u89bd\u7db2\u7ad9\u7684\u4f3a\u670d\u5668\u5b58\u653e\u5728\u60a8\u786c\u789f\u4e0a\u7684\u8cc7\u8a0a\u3002\u5b83\u5305\u542b\u591a\u9805\u6578\u64da\uff0c\u4ee5\u7c21\u55ae\u7684\u6587\u5b57\u6a94\u6848\u5f62\u5f0f\u5132\u5b58\u5728\u60a8\u7684\u96fb\u8166\u4e2d\uff0c\u4f3a\u670d\u5668\u53ef\u8b80\u53d6\u4e26\u8a18\u9304\u9019\u4e9b\u8cc7\u8a0a\u3002\u672c\u7db2\u7ad9\u7684\u90e8\u5206\u529f\u80fd\u5fc5\u9808\u63a5\u53d7 cookies \u624d\u80fd\u904b\u4f5c\u3002   <\/p><p>\u8d85\u9023\u7d50\uff1a\u7db2\u7ad9\u53ef\u80fd\u63d0\u4f9b\u9023\u7d50\u81f3\u5176\u4ed6\u7db2\u7ad9\u6216\u7db2\u969b\u7db2\u8def\u4e0a\u53ef\u7528\u7684\u5176\u4ed6\u8cc7\u6e90\u3002\u963f\u5854\u62c9\u9152\u5e97\u516c\u53f8\u7121\u6cd5\u63a7\u5236\u8207\u5176\u7db2\u7ad9\u9023\u7d50\u7684\u7db2\u7ad9\u3002\u5c0d\u65bc\u6b64\u985e\u5916\u90e8\u7db2\u7ad9\u548c\u8cc7\u6e90\u7684\u53ef\u7528\u6027\uff0c\u963f\u5854\u62c9\u9152\u5e97\u516c\u53f8\u4e0d\u627f\u64d4\u4efb\u4f55\u8cac\u4efb\uff0c\u4ea6\u4e0d\u4f5c\u4efb\u4f55\u4fdd\u8b49\u3002\u5c0d\u65bc\u56e0\u9019\u4e9b\u5916\u90e8\u7db2\u7ad9\u6216\u8cc7\u6e90\u7684\u5167\u5bb9\uff08\u5c24\u5176\u662f\u5176\u63d0\u4f9b\u7684\u8cc7\u8a0a\u3001\u7522\u54c1\u6216\u670d\u52d9\uff09\u6216\u5c0d\u9019\u4e9b\u5167\u5bb9\u7684\u4efb\u4f55\u4f7f\u7528\u800c\u9020\u6210\u7684\u4efb\u4f55\u6027\u8cea\u7684\u640d\u5bb3\uff0c\u672c\u516c\u53f8\u6982\u4e0d\u8ca0\u8cac\u3002\u8207\u6b64\u4f7f\u7528\u76f8\u95dc\u7684\u98a8\u96aa\u5b8c\u5168\u7531\u7db2\u969b\u7db2\u8def\u4f7f\u7528\u8005\u627f\u64d4\uff0c\u4f7f\u7528\u8005\u5fc5\u9808\u9075\u5b88\u5176\u4f7f\u7528\u689d\u6b3e\u3002    <\/p><p>\u672a\u7d93\u963f\u5854\u62c9\u9152\u5e97\u516c\u53f8\u4e8b\u5148\u660e\u78ba\u6388\u6b0a\uff0c\u7db2\u7ad9\u4f7f\u7528\u8005\u3001\u8a02\u95b1\u8005\u53ca\u8a2a\u5ba2\u4e0d\u5f97\u8a2d\u7f6e\u6307\u5411\u672c\u7db2\u7ad9\u7684\u8d85\u9023\u7d50\u3002<\/p><p>\u5018\u82e5\u4f7f\u7528\u8005\u6216\u8a2a\u5ba2\u5e0c\u671b\u5efa\u7acb\u6307\u5411\u963f\u5854\u62c9\u9152\u5e97\u516c\u53f8\u4efb\u4e00\u7db2\u7ad9\u7684\u8d85\u9023\u7d50\uff0c\u61c9\u900f\u904e\u7db2\u7ad9\u63d0\u4f9b\u7684\u96fb\u5b50\u90f5\u4ef6\u5730\u5740\u63d0\u51fa\u5efa\u7acb\u8d85\u9023\u7d50\u4e4b\u7533\u8acb\u3002\u963f\u5854\u62c9\u9152\u5e97\u516c\u53f8\u4fdd\u7559\u63a5\u53d7\u6216\u62d2\u7d55\u8d85\u9023\u7d50\u4e4b\u6b0a\u5229\uff0c\u4e14\u7121\u9808\u8aaa\u660e\u5176\u6c7a\u5b9a\u4e4b\u7406\u7531\u3002 <\/p><p style=\"color: #b51a00;\"><span style=\"color: #000000;\"><b>\u6240\u63d0\u4f9b\u670d\u52d9\uff1a <\/b><\/span><\/p><p style=\"color: #323333;\">\u672c\u516c\u53f8\u6240\u6709\u696d\u52d9\u6d3b\u52d5\u53ca\u76f8\u95dc\u8cc7\u8a0a\u5747\u520a\u8f09\u65bc\u6211\u5011\u7684\u7db2\u7ad9 <a href=\"http:\/\/www.hotel-atala.com\">www.hotel-atala.com<\/a>\u3002<\/p><p style=\"color: #323333;\">Soci\u00e9t\u00e9 H\u00f4tel Atala s\u2019efforce de fournir sur le site www.hotel-atala.com des informations aussi pr\u00e9cises que possible. les renseignements figurant sur le site <a href=\"http:\/\/www.hotel-atala.com\">www.hotel-atala.com<\/a> ne sont pas exhaustifs et les photos non contractuelles. Ils sont donn\u00e9s sous r\u00e9serve de modifications ayant \u00e9t\u00e9 apport\u00e9es depuis leur mise en ligne. Par ailleurs, tous les informations indiqu\u00e9es sur le site www.hotel-atala.com   <b> <\/b>\u50c5\u4f9b\u53c3\u8003\uff0c\u53ef\u80fd\u96a8\u6642\u8b8a\u66f4\u6216\u8abf\u6574\uff0c\u6055\u4e0d\u53e6\u884c\u901a\u77e5\u3002<\/p><p style=\"color: #b51a00;\"><span style=\"color: #000000;\"><b>\u5408\u7d04\u5c0d\u8cc7\u6599\u7684\u9650\u5236\uff1a <\/b><\/span><\/p><p>\u672c\u7db2\u7ad9\u6240\u8f09\u8cc7\u8a0a\u529b\u6c42\u7cbe\u78ba\uff0c\u4e26\u65bc\u6bcf\u5e74\u4e0d\u540c\u6642\u671f\u9032\u884c\u66f4\u65b0\uff0c\u4f46\u4ecd\u53ef\u80fd\u5b58\u5728\u4e0d\u6e96\u78ba\u6216\u907a\u6f0f\u4e4b\u8655\u3002\u82e5\u60a8\u767c\u73fe\u4efb\u4f55\u758f\u6f0f\u3001\u932f\u8aa4\u6216\u7591\u4f3c\u529f\u80fd\u7570\u5e38\u4e4b\u8655\uff0c\u8acb\u900f\u904e\u96fb\u5b50\u90f5\u4ef6btolub@hotel-atala.com\u56de\u5831\uff0c\u4e26\u76e1\u53ef\u80fd\u8a73\u7d30\u63cf\u8ff0\u554f\u984c\uff08\u4f8b\u5982\uff1a\u767c\u751f\u554f\u984c\u7684\u9801\u9762\u3001\u4f7f\u7528\u7684\u96fb\u8166\u53ca\u700f\u89bd\u5668\u985e\u578b\u7b49\uff09\u3002 <\/p><p>\u6240\u6709\u4e0b\u8f09\u5167\u5bb9\u5747\u7531\u4f7f\u7528\u8005\u81ea\u884c\u627f\u64d4\u98a8\u96aa\u8207\u8cac\u4efb\u3002\u56e0\u6b64\uff0c\u5c0d\u65bc\u4f7f\u7528\u8005\u96fb\u8166\u56e0\u4e0b\u8f09\u6240\u906d\u53d7\u4e4b\u4efb\u4f55\u640d\u5bb3\u6216\u6578\u64da\u640d\u5931\uff0c\u6982\u4e0d\u8ca0\u8cac\u3002  <span style=\"color: #323333;\">\u6b64\u5916\uff0c\u7db2\u7ad9\u4f7f\u7528\u8005\u627f\u8afe\u4f7f\u7528\u8fd1\u671f\u8cfc\u8cb7\u3001\u4e0d\u542b\u75c5\u6bd2\u4e14\u914d\u5099\u6700\u65b0\u4e00\u4ee3\u700f\u89bd\u5668\u7684\u8a2d\u5099\u8a2a\u554f\u7db2\u7ad9\u3002<\/span><\/p><p>\u672c\u7db2\u7ad9\u5167\u8a2d\u7f6e\u7684\u8d85\u9023\u7d50\uff0c\u6307\u5411\u7db2\u969b\u7db2\u8def\u4e0a\u7684\u5176\u4ed6\u8cc7\u6e90\uff0c\u963f\u5854\u62c9\u9152\u5e97\u516c\u53f8\u5c0d\u6b64\u4e0d\u627f\u64d4\u4efb\u4f55\u8cac\u4efb\u3002<\/p><p style=\"color: #b51a00;\"><span style=\"color: #000000;\"><b>\u667a\u6167\u8ca1\u7522\u6b0a\uff1a<\/b><\/span><\/p><p>\u672c\u7db2\u7ad9 <a href=\"http:\/\/www.hotel-atala.com\">www.hotel-atala.com<\/a> \u4e0a\u7684\u6240\u6709\u5167\u5bb9\uff0c\u5305\u62ec\u4f46\u4e0d\u9650\u65bc\u5716\u5f62\u3001\u5716\u7247\u3001\u6587\u5b57\u3001\u5f71\u7247\u3001\u52d5\u756b\u3001\u8072\u97f3\u3001\u6a19\u8a8c\u3001GIF \u53ca\u5716\u793a\uff0c\u4ee5\u53ca\u5176\u6392\u7248\u683c\u5f0f\uff0c\u5747\u70ba\u672c\u516c\u53f8\u4e4b\u5c08\u5c6c\u8ca1\u7522\uff0c\u60df\u5176\u4ed6\u5408\u4f5c\u516c\u53f8\u6216\u4f5c\u8005\u6240\u64c1\u6709\u4e4b\u5546\u6a19\u3001\u6a19\u8a8c\u6216\u5167\u5bb9\u9664\u5916\u3002<\/p><p>\u672a\u7d93\u963f\u5854\u62c9\u9152\u5e97\u516c\u53f8\uff08Soci\u00e9t\u00e9 H\u00f4tel Atala\uff09\u660e\u78ba\u66f8\u9762\u540c\u610f\uff0c\u56b4\u7981\u8907\u88fd\u3001\u5206\u767c\u3001\u4fee\u6539\u3001\u6539\u7de8\u3001\u8f49\u8f09\u6216\u767c\u5e03\u9019\u4e9b\u4e0d\u540c\u5143\u7d20\u7684\u4efb\u4f55\u90e8\u5206\u3002\u7121\u8ad6\u63a1\u7528\u4f55\u7a2e\u65b9\u5f0f\u9032\u884c\u6b64\u985e\u5c55\u793a\u6216\u8907\u88fd\uff0c\u5747\u69cb\u6210\u300a\u77e5\u8b58\u7522\u6b0a\u6cd5\u5178\u300b\u7b2c L.335-2 \u689d\u53ca\u4ee5\u4e0b\u689d\u6b3e\u6240\u61f2\u8655\u7684\u4fb5\u6b0a\u884c\u70ba\u3002\u9055\u53cd\u6b64\u9805\u7981\u4ee4\u5373\u69cb\u6210\u4fb5\u6b0a\u884c\u70ba\uff0c\u4fb5\u6b0a\u8005\u53ef\u80fd\u9808\u627f\u64d4\u6c11\u4e8b\u53ca\u5211\u4e8b\u8cac\u4efb\u3002\u6b64\u5916\uff0c\u88ab\u8907\u88fd\u5167\u5bb9\u7684\u6240\u6709\u8005\u53ef\u80fd\u5c0d\u60a8\u63d0\u8d77\u6cd5\u5f8b\u8a34\u8a1f\u3002   <\/p><p style=\"color: #b51a00;\"><span style=\"color: #000000;\"><b>\u5411\u6cd5\u570b\u570b\u5bb6\u8cc7\u8a0a\u8207\u81ea\u7531\u59d4\u54e1\u6703\uff08CNIL\uff09\u63d0\u4ea4\u8072\u660e\uff1a <\/b><\/span><\/p><p>\u6839\u64da1978\u5e741\u67086\u65e5\u7b2c78-17\u865f\u6cd5\u5f8b\uff08\u7d932004\u5e748\u67086\u65e5\u7b2c2004-801\u865f\u6cd5\u5f8b\u4fee\u8a02\uff0c\u8a72\u6cd5\u5f8b\u6d89\u53ca\u500b\u4eba\u8cc7\u6599\u8655\u7406\u65b9\u9762\u5c0d\u81ea\u7136\u4eba\u7684\u4fdd\u8b77\uff09\u95dc\u65bc\u8cc7\u8a0a\u6280\u8853\u3001\u6a94\u6848\u53ca\u81ea\u7531\u4e4b\u898f\u5b9a\uff0c \u672c\u7db2\u7ad9\u672a\u5411\u570b\u5bb6\u8cc7\u8a0a\u8207\u81ea\u7531\u59d4\u54e1\u6703\uff08<a href=\"http:\/\/www.cnil.fr\/\">www.cnil.fr<\/a>\uff09\u9032\u884c\u7533\u5831\u3002<\/p><p style=\"color: #b51a00;\"><span style=\"color: #000000;\"><b>\u8a34\u8a1f\uff1a <\/b><\/span><\/p><p>\u672c\u7db2\u7ad9 <a href=\"http:\/\/www.hotel-atala.com\">www.hotel-atala.com<\/a> \u4e4b\u689d\u6b3e\u53d7\u6cd5\u570b\u6cd5\u5f8b\u7ba1\u8f44\uff0c\u4efb\u4f55\u56e0\u89e3\u91cb\u6216\u57f7\u884c\u672c\u689d\u6b3e\u800c\u7522\u751f\u4e4b\u722d\u8b70\u6216\u7cfe\u7d1b\uff0c\u5747\u5c6c\u672c\u516c\u53f8\u7e3d\u90e8\u6240\u5728\u5730\u6cd5\u9662\u4e4b\u5c08\u5c6c\u7ba1\u8f44\u6b0a\u3002\u89e3\u6c7a\u6f5b\u5728\u722d\u8b70\u4e4b\u53c3\u8003\u8a9e\u8a00\u70ba\u6cd5\u8a9e\u3002 <\/p><p style=\"color: #b51a00;\"><span style=\"color: #000000;\"><b>\u500b\u4eba\u8cc7\u6599\uff1a<\/b><\/span><\/p><p>\u4e00\u822c\u800c\u8a00\uff0c\u60a8\u5728\u700f\u89bd\u6211\u5011\u7684\u7db2\u7ad9 <a href=\"http:\/\/www.hotel-atala.com\">www.hotel-atala.com<\/a> \u6642\uff0c\u7121\u9808\u5411\u6211\u5011\u63d0\u4f9b\u60a8\u7684\u500b\u4eba\u8cc7\u6599\u3002<\/p><p>\u7136\u800c\uff0c\u6b64\u539f\u5247\u5b58\u5728\u67d0\u4e9b\u4f8b\u5916\u60c5\u6cc1\u3002\u4e8b\u5be6\u4e0a\uff0c\u5c0d\u65bc\u6211\u5011\u7db2\u7ad9\u63d0\u4f9b\u7684\u67d0\u4e9b\u670d\u52d9\uff0c\u60a8\u53ef\u80fd\u9700\u8981\u5411\u6211\u5011\u63d0\u4f9b\u67d0\u4e9b\u8cc7\u6599\uff0c\u4f8b\u5982\uff1a\u60a8\u7684\u59d3\u540d\u3001\u8077\u4f4d\u3001\u516c\u53f8\u540d\u7a31\u3001\u96fb\u5b50\u90f5\u4ef6\u5730\u5740\u548c\u96fb\u8a71\u865f\u78bc\u3002\u7576\u60a8\u5728\u300c\u806f\u7d61\u6211\u5011\u300d\u6b04\u4f4d\u4e2d\u586b\u5beb\u7dda\u4e0a\u8868\u683c\u6642\uff0c\u5373\u5c6c\u6b64\u985e\u60c5\u6cc1\u3002\u7121\u8ad6\u5982\u4f55\uff0c\u60a8\u5747\u53ef\u62d2\u7d55\u63d0\u4f9b\u500b\u4eba\u8cc7\u6599\u3002\u4f46\u5728\u6b64\u60c5\u6cc1\u4e0b\uff0c\u60a8\u5c07\u7121\u6cd5\u4f7f\u7528\u7db2\u7ad9\u670d\u52d9\uff0c\u5305\u62ec\u67e5\u8a62\u672c\u516c\u53f8\u8cc7\u8a0a\u6216\u63a5\u6536\u96fb\u5b50\u5831\u3002    <\/p><p>\u6700\u5f8c\uff0c\u7576\u60a8\u700f\u89bd\u6211\u5011\u7684\u7db2\u7ad9\u6642\uff0c\u6211\u5011\u53ef\u80fd\u6703\u81ea\u52d5\u6536\u96c6\u67d0\u4e9b\u8207\u60a8\u6709\u95dc\u7684\u8cc7\u8a0a\uff0c\u5305\u62ec\uff1a\u6709\u95dc\u60a8\u4f7f\u7528\u6211\u5011\u7db2\u7ad9\u7684\u8cc7\u8a0a\uff0c\u4f8b\u5982\u60a8\u700f\u89bd\u7684\u5340\u57df\u548c\u4f7f\u7528\u7684\u670d\u52d9\u3001\u60a8\u7684IP\u4f4d\u5740\u3001\u700f\u89bd\u5668\u985e\u578b\u3001\u5b58\u53d6\u6642\u9593\u7b49\u3002\u6b64\u985e\u8cc7\u8a0a\u50c5\u7528\u65bc\u5167\u90e8\u7d71\u8a08\u76ee\u7684\uff0c\u4ee5\u6539\u5584\u6211\u5011\u70ba\u60a8\u63d0\u4f9b\u7684\u670d\u52d9\u54c1\u8cea\u3002\u8cc7\u6599\u5eab\u53d7 1998 \u5e74 7 \u6708 1 \u65e5\u6cd5\u5f8b\u689d\u6b3e\u4fdd\u8b77\uff0c\u8a72\u689d\u6b3e\u8f49\u8b6f\u4e86 1996 \u5e74 3 \u6708 11 \u65e5\u95dc\u65bc\u8cc7\u6599\u5eab\u6cd5\u5f8b\u4fdd\u8b77\u7684 96\/9 \u865f\u6307\u4ee4\u3002  <\/p>\t\t\t\t\t\t\t\t<\/div>\n\t\t\t\t\t<\/div>\n\t\t\t\t<\/div>\n\t\t\t\t<\/div>\n\t\t","protected":false},"excerpt":{"rendered":"<p>\u6cd5\u5f8b\u8072\u660e \u5728\u700f\u89bd\u672c\u7db2\u7ad9\u5404\u9801\u9762\u4e4b\u524d\uff0c\u8acb\u4ed4\u7d30\u95b1\u8b80\u672c\u7db2\u7ad9\u7684\u5404\u9805\u4f7f\u7528\u689d\u6b3e\u3002\u767b\u5165\u672c\u7db2\u7ad9\u5373\u8868 [&hellip;]<\/p>\n","protected":false},"author":1,"featured_media":0,"parent":0,"menu_order":0,"comment_status":"closed","ping_status":"closed","template":"elementor_header_footer","meta":{"footnotes":""},"class_list":["post-5124","page","type-page","status-publish","hentry"],"yoast_head":"<!-- This site is optimized with the Yoast SEO plugin v27.2 - https:\/\/yoast.com\/product\/yoast-seo-wordpress\/ -->\n<title>\u6cd5\u5f8b\u8072\u660e \u5df4\u9ece\u9999\u69ad\u9e97\u820d\u5927\u9053\u963f\u5854\u62c9\u9152\u5e97<\/title>\n<meta name=\"description\" content=\"\u5df4\u9ece\u9999\u69ad\u9e97\u820d\u5927\u9053\u963f\u5854\u62c9\u9152\u5e97\u6cd5\u5f8b\u8072\u660e\" \/>\n<meta name=\"robots\" content=\"noindex, nofollow\" \/>\n<meta property=\"og:locale\" content=\"zh_TW\" \/>\n<meta property=\"og:type\" content=\"article\" \/>\n<meta property=\"og:title\" content=\"\u6cd5\u5f8b\u8072\u660e \u5df4\u9ece\u9999\u69ad\u9e97\u820d\u5927\u9053\u963f\u5854\u62c9\u9152\u5e97\" \/>\n<meta property=\"og:description\" content=\"\u5df4\u9ece\u9999\u69ad\u9e97\u820d\u5927\u9053\u963f\u5854\u62c9\u9152\u5e97\u6cd5\u5f8b\u8072\u660e\" \/>\n<meta property=\"og:url\" content=\"https:\/\/www.hotel-atala.com\/zh-hant\/\u6cd5\u5f8b\u8072\u660e\/\" \/>\n<meta property=\"og:site_name\" content=\"Hotel Paris Champs Elys\u00e9es - Bienvenue : H\u00f4tel Atala, Paris - Atala ****\" \/>\n<meta property=\"article:publisher\" content=\"https:\/\/www.facebook.com\/hotel.atala\" \/>\n<meta property=\"og:image\" content=\"https:\/\/i0.wp.com\/www.hotel-atala.com\/wp-content\/uploads\/2026\/02\/atala-hotel-1200x675-1.png?fit=1200%2C675&ssl=1\" \/>\n\t<meta property=\"og:image:width\" content=\"1200\" \/>\n\t<meta property=\"og:image:height\" content=\"675\" \/>\n\t<meta property=\"og:image:type\" content=\"image\/png\" \/>\n<meta name=\"twitter:label1\" content=\"\u9810\u4f30\u95b1\u8b80\u6642\u9593\" \/>\n\t<meta name=\"twitter:data1\" content=\"1 \u5206\u9418\" \/>\n<script type=\"application\/ld+json\" class=\"yoast-schema-graph\">{\"@context\":\"https:\/\/schema.org\",\"@graph\":[{\"@type\":\"WebPage\",\"@id\":\"https:\/\/www.hotel-atala.com\/zh-hant\/%e6%b3%95%e5%be%8b%e8%81%b2%e6%98%8e\/\",\"url\":\"https:\/\/www.hotel-atala.com\/zh-hant\/%e6%b3%95%e5%be%8b%e8%81%b2%e6%98%8e\/\",\"name\":\"\u6cd5\u5f8b\u8072\u660e \u5df4\u9ece\u9999\u69ad\u9e97\u820d\u5927\u9053\u963f\u5854\u62c9\u9152\u5e97\",\"isPartOf\":{\"@id\":\"https:\/\/www.hotel-atala.com\/#website\"},\"datePublished\":\"2026-02-06T13:00:29+00:00\",\"description\":\"\u5df4\u9ece\u9999\u69ad\u9e97\u820d\u5927\u9053\u963f\u5854\u62c9\u9152\u5e97\u6cd5\u5f8b\u8072\u660e\",\"breadcrumb\":{\"@id\":\"https:\/\/www.hotel-atala.com\/zh-hant\/%e6%b3%95%e5%be%8b%e8%81%b2%e6%98%8e\/#breadcrumb\"},\"inLanguage\":\"zh-TW\",\"potentialAction\":[{\"@type\":\"ReadAction\",\"target\":[\"https:\/\/www.hotel-atala.com\/zh-hant\/%e6%b3%95%e5%be%8b%e8%81%b2%e6%98%8e\/\"]}]},{\"@type\":\"BreadcrumbList\",\"@id\":\"https:\/\/www.hotel-atala.com\/zh-hant\/%e6%b3%95%e5%be%8b%e8%81%b2%e6%98%8e\/#breadcrumb\",\"itemListElement\":[{\"@type\":\"ListItem\",\"position\":1,\"name\":\"Accueil\",\"item\":\"https:\/\/www.hotel-atala.com\/zh-hant\/home\/\"},{\"@type\":\"ListItem\",\"position\":2,\"name\":\"\u6cd5\u5f8b\u8072\u660e\"}]},{\"@type\":\"WebSite\",\"@id\":\"https:\/\/www.hotel-atala.com\/#website\",\"url\":\"https:\/\/www.hotel-atala.com\/\",\"name\":\"H\u00f4tel Atala - Paris Champs Elys\u00e9es\",\"description\":\"\u9152\u5e97\u6982\u51b5\",\"publisher\":{\"@id\":\"https:\/\/www.hotel-atala.com\/#organization\"},\"potentialAction\":[{\"@type\":\"SearchAction\",\"target\":{\"@type\":\"EntryPoint\",\"urlTemplate\":\"https:\/\/www.hotel-atala.com\/?s={search_term_string}\"},\"query-input\":{\"@type\":\"PropertyValueSpecification\",\"valueRequired\":true,\"valueName\":\"search_term_string\"}}],\"inLanguage\":\"zh-TW\"},{\"@type\":\"Organization\",\"@id\":\"https:\/\/www.hotel-atala.com\/#organization\",\"name\":\"H\u00f4tel Atala Paris\",\"url\":\"https:\/\/www.hotel-atala.com\/\",\"logo\":{\"@type\":\"ImageObject\",\"inLanguage\":\"zh-TW\",\"@id\":\"https:\/\/www.hotel-atala.com\/#\/schema\/logo\/image\/\",\"url\":\"https:\/\/www.hotel-atala.com\/wp-content\/uploads\/2026\/01\/atala-hotel-logo-light.svg\",\"contentUrl\":\"https:\/\/www.hotel-atala.com\/wp-content\/uploads\/2026\/01\/atala-hotel-logo-light.svg\",\"width\":240,\"height\":60,\"caption\":\"H\u00f4tel Atala Paris\"},\"image\":{\"@id\":\"https:\/\/www.hotel-atala.com\/#\/schema\/logo\/image\/\"},\"sameAs\":[\"https:\/\/www.facebook.com\/hotel.atala\",\"https:\/\/x.com\/hotelatala\",\"https:\/\/www.instagram.com\/hotel_atala\/\"]}]}<\/script>\n<!-- \/ Yoast SEO plugin. -->","yoast_head_json":{"title":"\u6cd5\u5f8b\u8072\u660e \u5df4\u9ece\u9999\u69ad\u9e97\u820d\u5927\u9053\u963f\u5854\u62c9\u9152\u5e97","description":"\u5df4\u9ece\u9999\u69ad\u9e97\u820d\u5927\u9053\u963f\u5854\u62c9\u9152\u5e97\u6cd5\u5f8b\u8072\u660e","robots":{"index":"noindex","follow":"nofollow"},"og_locale":"zh_TW","og_type":"article","og_title":"\u6cd5\u5f8b\u8072\u660e \u5df4\u9ece\u9999\u69ad\u9e97\u820d\u5927\u9053\u963f\u5854\u62c9\u9152\u5e97","og_description":"\u5df4\u9ece\u9999\u69ad\u9e97\u820d\u5927\u9053\u963f\u5854\u62c9\u9152\u5e97\u6cd5\u5f8b\u8072\u660e","og_url":"https:\/\/www.hotel-atala.com\/zh-hant\/\u6cd5\u5f8b\u8072\u660e\/","og_site_name":"Hotel Paris Champs Elys\u00e9es - Bienvenue : H\u00f4tel Atala, Paris - Atala ****","article_publisher":"https:\/\/www.facebook.com\/hotel.atala","og_image":[{"width":1200,"height":675,"url":"https:\/\/i0.wp.com\/www.hotel-atala.com\/wp-content\/uploads\/2026\/02\/atala-hotel-1200x675-1.png?fit=1200%2C675&ssl=1","type":"image\/png"}],"twitter_misc":{"\u9810\u4f30\u95b1\u8b80\u6642\u9593":"1 \u5206\u9418"},"schema":{"@context":"https:\/\/schema.org","@graph":[{"@type":"WebPage","@id":"https:\/\/www.hotel-atala.com\/zh-hant\/%e6%b3%95%e5%be%8b%e8%81%b2%e6%98%8e\/","url":"https:\/\/www.hotel-atala.com\/zh-hant\/%e6%b3%95%e5%be%8b%e8%81%b2%e6%98%8e\/","name":"\u6cd5\u5f8b\u8072\u660e \u5df4\u9ece\u9999\u69ad\u9e97\u820d\u5927\u9053\u963f\u5854\u62c9\u9152\u5e97","isPartOf":{"@id":"https:\/\/www.hotel-atala.com\/#website"},"datePublished":"2026-02-06T13:00:29+00:00","description":"\u5df4\u9ece\u9999\u69ad\u9e97\u820d\u5927\u9053\u963f\u5854\u62c9\u9152\u5e97\u6cd5\u5f8b\u8072\u660e","breadcrumb":{"@id":"https:\/\/www.hotel-atala.com\/zh-hant\/%e6%b3%95%e5%be%8b%e8%81%b2%e6%98%8e\/#breadcrumb"},"inLanguage":"zh-TW","potentialAction":[{"@type":"ReadAction","target":["https:\/\/www.hotel-atala.com\/zh-hant\/%e6%b3%95%e5%be%8b%e8%81%b2%e6%98%8e\/"]}]},{"@type":"BreadcrumbList","@id":"https:\/\/www.hotel-atala.com\/zh-hant\/%e6%b3%95%e5%be%8b%e8%81%b2%e6%98%8e\/#breadcrumb","itemListElement":[{"@type":"ListItem","position":1,"name":"Accueil","item":"https:\/\/www.hotel-atala.com\/zh-hant\/home\/"},{"@type":"ListItem","position":2,"name":"\u6cd5\u5f8b\u8072\u660e"}]},{"@type":"WebSite","@id":"https:\/\/www.hotel-atala.com\/#website","url":"https:\/\/www.hotel-atala.com\/","name":"H\u00f4tel Atala - Paris Champs Elys\u00e9es","description":"\u9152\u5e97\u6982\u51b5","publisher":{"@id":"https:\/\/www.hotel-atala.com\/#organization"},"potentialAction":[{"@type":"SearchAction","target":{"@type":"EntryPoint","urlTemplate":"https:\/\/www.hotel-atala.com\/?s={search_term_string}"},"query-input":{"@type":"PropertyValueSpecification","valueRequired":true,"valueName":"search_term_string"}}],"inLanguage":"zh-TW"},{"@type":"Organization","@id":"https:\/\/www.hotel-atala.com\/#organization","name":"H\u00f4tel Atala Paris","url":"https:\/\/www.hotel-atala.com\/","logo":{"@type":"ImageObject","inLanguage":"zh-TW","@id":"https:\/\/www.hotel-atala.com\/#\/schema\/logo\/image\/","url":"https:\/\/www.hotel-atala.com\/wp-content\/uploads\/2026\/01\/atala-hotel-logo-light.svg","contentUrl":"https:\/\/www.hotel-atala.com\/wp-content\/uploads\/2026\/01\/atala-hotel-logo-light.svg","width":240,"height":60,"caption":"H\u00f4tel Atala Paris"},"image":{"@id":"https:\/\/www.hotel-atala.com\/#\/schema\/logo\/image\/"},"sameAs":["https:\/\/www.facebook.com\/hotel.atala","https:\/\/x.com\/hotelatala","https:\/\/www.instagram.com\/hotel_atala\/"]}]}},"_links":{"self":[{"href":"https:\/\/www.hotel-atala.com\/zh-hant\/wp-json\/wp\/v2\/pages\/5124","targetHints":{"allow":["GET"]}}],"collection":[{"href":"https:\/\/www.hotel-atala.com\/zh-hant\/wp-json\/wp\/v2\/pages"}],"about":[{"href":"https:\/\/www.hotel-atala.com\/zh-hant\/wp-json\/wp\/v2\/types\/page"}],"author":[{"embeddable":true,"href":"https:\/\/www.hotel-atala.com\/zh-hant\/wp-json\/wp\/v2\/users\/1"}],"replies":[{"embeddable":true,"href":"https:\/\/www.hotel-atala.com\/zh-hant\/wp-json\/wp\/v2\/comments?post=5124"}],"version-history":[{"count":1,"href":"https:\/\/www.hotel-atala.com\/zh-hant\/wp-json\/wp\/v2\/pages\/5124\/revisions"}],"predecessor-version":[{"id":5125,"href":"https:\/\/www.hotel-atala.com\/zh-hant\/wp-json\/wp\/v2\/pages\/5124\/revisions\/5125"}],"wp:attachment":[{"href":"https:\/\/www.hotel-atala.com\/zh-hant\/wp-json\/wp\/v2\/media?parent=5124"}],"curies":[{"name":"wp","href":"https:\/\/api.w.org\/{rel}","templated":true}]}}