{"id":4948,"date":"2026-02-06T10:53:28","date_gmt":"2026-02-06T09:53:28","guid":{"rendered":"https:\/\/atala.nukium.io\/legal-notices\/"},"modified":"2026-02-06T10:53:29","modified_gmt":"2026-02-06T09:53:29","slug":"legal-notices","status":"publish","type":"page","link":"https:\/\/www.hotel-atala.com\/en\/legal-notices\/","title":{"rendered":"Legal notices"},"content":{"rendered":"\t\t<div data-elementor-type=\"wp-page\" data-elementor-id=\"4948\" class=\"elementor elementor-4948 elementor-836\" data-elementor-post-type=\"page\">\n\t\t\t\t<div class=\"elementor-element elementor-element-70376b4b e-flex e-con-boxed e-con e-parent\" data-id=\"70376b4b\" data-element_type=\"container\" data-settings=\"{&quot;hoteller_ext_is_background_parallax&quot;:&quot;false&quot;,&quot;hoteller_ext_is_background_backdrop&quot;:&quot;false&quot;,&quot;hoteller_ext_is_background_on_scroll&quot;:&quot;false&quot;,&quot;hoteller_ext_link_sidemenu&quot;:&quot;false&quot;,&quot;hoteller_ext_link_fullmenu&quot;:&quot;false&quot;,&quot;hoteller_ext_link_closed_fullmenu&quot;:&quot;false&quot;,&quot;hoteller_ext_is_scrollme&quot;:&quot;false&quot;,&quot;hoteller_ext_is_smoove&quot;:&quot;false&quot;,&quot;hoteller_ext_is_parallax_mouse&quot;:&quot;false&quot;,&quot;hoteller_ext_is_infinite&quot;:&quot;false&quot;,&quot;hoteller_ext_is_fadeout_animation&quot;:&quot;false&quot;,&quot;hoteller_ext_mobile_static&quot;:&quot;false&quot;}\">\n\t\t\t\t\t<div class=\"e-con-inner\">\n\t\t\t\t<div class=\"elementor-element elementor-element-200aad0 elementor-widget elementor-widget-text-editor\" data-id=\"200aad0\" data-element_type=\"widget\" data-settings=\"{&quot;hoteller_ext_link_sidemenu&quot;:&quot;false&quot;,&quot;hoteller_ext_link_fullmenu&quot;:&quot;false&quot;,&quot;hoteller_ext_link_closed_fullmenu&quot;:&quot;false&quot;,&quot;hoteller_ext_is_scrollme&quot;:&quot;false&quot;,&quot;hoteller_ext_is_smoove&quot;:&quot;false&quot;,&quot;hoteller_ext_is_parallax_mouse&quot;:&quot;false&quot;,&quot;hoteller_ext_is_infinite&quot;:&quot;false&quot;,&quot;hoteller_ext_is_fadeout_animation&quot;:&quot;false&quot;,&quot;hoteller_ext_mobile_static&quot;:&quot;false&quot;}\" data-widget_type=\"text-editor.default\">\n\t\t\t\t\t\t\t\t\t<h1>Legal notices<\/h1><p>Please read the various terms and conditions of use of this site carefully before browsing its pages. By connecting to this site, you unreservedly accept these terms and conditions. Also, in accordance with Article 6 of Law No. 2004-575 of June 21, 2004 on confidence in the digital economy, those responsible for this website <a href=\"http:\/\/www.hotel-atala.com\">www.hotel-atala.com<\/a> are :  <\/p><p style=\"color: #b51a00;\"><span style=\"color: #000000;\">Website publisher: <\/span><\/p><p>Atala Hotel Company<br>SIRET number: 57209916600017<br>Intra-community VAT number: FR74572099166<br>Share capital: \u20ac81,000<br>Editorial manager: Benjamin Tolub<br>10 Rue Ch\u00e2teaubriand 75008 Paris<br>Phone: +33 1 45 62 01 62 &#8211; Fax: +33 1 45 62 01 62<br>Email: btolub@hotel-atala.com<br>Website: <a href=\"http:\/\/www.hotel-atala.com\">www.hotel-atala.com<\/a><\/p><p style=\"color: #b51a00;\"><b><span style=\"color: #000000;\">Web hosting<\/span> <\/b><\/p><p>Web hosting: OVH<br>2 Rue Kellermann, 59100 Roubaix<br>Website : <a href=\"http:\/\/www.ovh.com\">www.ovh.com<\/a><\/p><p style=\"color: #b51a00;\"><span style=\"color: #000000;\"><b>Terms of use: <\/b><\/span><\/p><p>This website (<a href=\"http:\/\/www.hotel-atala.com\">www.hotel-atala.com<\/a>) is available in various web languages (HTML, HTML5, JavaScript, CSS, etc.) for greater ease of use and more appealing graphics. We recommend using modern browsers such as Internet Explorer, Safari, Firefox, Google Chrome, etc.<br>The legal notices were generated on the <a title=\"free website legal notice generator\" href=\"http:\/\/www.generateur-de-mentions-legales.com\">Legal Notice Generator website<\/a> provided by <a title=\"printing company in Paris, printer in Paris\" href=\"http:\/\/welye.com\">Welye<\/a>.<\/p><p>Company Hotel Atala uses all means at its disposal to ensure that the information on its websites is reliable and up to date. However, errors or omissions may occur. Internet users should therefore check the accuracy of the information with , and report any changes to the site that they deem useful. is in no way responsible for the use made of this information, or for any direct or indirect damage that may result from it.   <\/p><p>Cookies: The website <a href=\"http:\/\/www.hotel-atala.com\">www.hotel-atala.com<\/a> may ask you to accept cookies for statistical and display purposes. A cookie is a piece of information stored on your hard drive by the server of the website you are visiting. It contains several pieces of data that are stored on your computer in a simple text file that a server accesses to read and record information. Certain parts of this website cannot function without the acceptance of cookies.   <\/p><p>Hypertext links: The websites may offer links to other websites or other resources available on the Internet. Company Hotel Atala has no means of controlling the sites linked to its websites. It is not responsible for the availability of such external sites and sources, nor does it guarantee it. It cannot be held liable for any damage of any nature whatsoever resulting from the content of these external sites or sources, including the information, products, or services they offer, or any use that may be made of these elements. The risks associated with this use are entirely the responsibility of the Internet user, who must comply with their terms of use.    <\/p><p>Users, subscribers, and visitors to websites may not set up a hyperlink to this site without the express prior authorization of Hotel Atala Company.<\/p><p>In the event that a user or visitor wishes to set up a hyperlink to one of Soci\u00e9t\u00e9 H\u00f4tel Atala&#8217;s websites, they must send an email accessible on the website in order to submit their request to set up a hyperlink. Hotel Atala Company reserves the right to accept or refuse a hyperlink without having to justify its decision. <\/p><p style=\"color: #b51a00;\"><span style=\"color: #000000;\"><b>Services provided: <\/b><\/span><\/p><p style=\"color: #323333;\">All of the company&#8217;s activities and information are presented on our website <a href=\"http:\/\/www.hotel-atala.com\">www.hotel-atala.com<\/a>.<\/p><p style=\"color: #323333;\">Hotel Atala Company strives to provide information that is as accurate as possible on the website <a href=\"http:\/\/www.hotel-atala.com\">www.hotel-atala.com.<\/a> The information on the website www.hotel-atala.com is not exhaustive and the photos are not contractual. It is provided subject to changes that may have been made since it was posted online. Furthermore, all information provided on the website www.hotel-atala.com.   <b> <\/b>are provided for informational purposes only and are subject to change without notice.<\/p><p style=\"color: #b51a00;\"><span style=\"color: #000000;\"><b>Contractual limitations on data: <\/b><\/span><\/p><p>The information contained on this site is as accurate as possible and the site is updated at various times throughout the year, but may nevertheless contain inaccuracies or omissions. If you notice a gap, error, or what appears to be a malfunction, please report it by email to btolub@hotel-atala.com, describing the problem as precisely as possible (page causing the problem, type of computer and browser used, etc.). <\/p><p>Any content downloaded is done so at the user&#8217;s own risk and under his sole responsibility. Consequently, cannot be held liable for any damage to the user&#8217;s computer or any loss of data resulting from the download.  <span style=\"color: #323333;\">Furthermore, the user of the site undertakes to access the site using recent equipment that is free of viruses and with an up-to-date, latest-generation browser.<\/span><\/p><p>Hotel Atala Company cannot be held liable for hypertext links included on this website that direct users to other resources on the Internet.<\/p><p style=\"color: #b51a00;\"><span style=\"color: #000000;\"><b>Intellectual property:<\/b><\/span><\/p><p>All content on the website <a href=\"http:\/\/www.hotel-atala.com\">www.hotel-atala.com<\/a>, including, but not limited to, graphics, images, text, videos, animations, sounds, logos, gifs, and icons, as well as their formatting, is the exclusive property of the company, with the exception of trademarks, logos, or content belonging to other partner companies or authors.<\/p><p>Any reproduction, distribution, modification, adaptation, retransmission, or publication, even partial, of these various elements is strictly prohibited without the express written consent of Soci\u00e9t\u00e9 H\u00f4tel Atala. Such representation or reproduction, by any means whatsoever, constitutes an infringement punishable under Articles L.335-2 et seq. of the Intellectual Property Code. Failure to comply with this prohibition constitutes an infringement that may result in civil and criminal liability for the infringer. In addition, the owners of the copied Content may take legal action against you.   <\/p><p style=\"color: #b51a00;\"><span style=\"color: #000000;\"><b>Declaration to the CNIL: <\/b><\/span><\/p><p>In accordance with Law 78-17 of January 6, 1978 (amended by Law 2004-801 of August 6, 2004 on the protection of individuals with regard to the processing of personal data) relating to information technology, files, and civil liberties, this site has not been declared to the French Data Protection Authority (<a href=\"http:\/\/www.cnil.fr\/\">www.cnil.fr<\/a>).<\/p><p style=\"color: #b51a00;\"><span style=\"color: #000000;\"><b>Disputes: <\/b><\/span><\/p><p>These terms and conditions for the website <a href=\"http:\/\/www.hotel-atala.com\">www.hotel-atala.com<\/a> are governed by French law, and any disputes or litigation that may arise from the interpretation or execution of these terms and conditions shall fall under the exclusive jurisdiction of the courts where the company&#8217;s registered office is located. The reference language for the settlement of any disputes is French. <\/p><p style=\"color: #b51a00;\"><span style=\"color: #000000;\"><b>Personal data:<\/b><\/span><\/p><p>In general, you are not required to provide us with your personal data when you visit our website <a href=\"http:\/\/www.hotel-atala.com\">www.hotel-atala.com<\/a>.<\/p><p>However, there are certain exceptions to this principle. For certain services offered by our site, you may be required to provide us with certain data such as: your name, your position, the name of your company, your email address, and your telephone number. This is the case when you fill out the form provided online in the \u201ccontact\u201d section. In all cases, you may refuse to provide your personal data. In this case, you will not be able to use the site&#8217;s services, in particular that of requesting information about our company or receiving newsletters.    <\/p><p>Finally, we may automatically collect certain information about you when you browse our website, including: information about your use of our site, such as the areas you visit and the services you access, your IP address, your browser type, and your access times. Such information is used exclusively for internal statistical purposes, in order to improve the quality of the services offered to you. The databases are protected by the provisions of the law of July 1, 1998, transposing Directive 96\/9 of March 11, 1996, on the legal protection of databases.  <\/p>\t\t\t\t\t\t\t\t<\/div>\n\t\t\t\t\t<\/div>\n\t\t\t\t<\/div>\n\t\t\t\t<\/div>\n\t\t","protected":false},"excerpt":{"rendered":"<p>Legal notices Please read the various terms and conditions of use of this site carefully before browsing its pages. By connecting to this site, you unreservedly accept these terms and conditions. Also, in accordance with Article 6 of Law No. [&hellip;]<\/p>\n","protected":false},"author":1,"featured_media":0,"parent":0,"menu_order":0,"comment_status":"closed","ping_status":"closed","template":"elementor_header_footer","meta":{"footnotes":""},"class_list":["post-4948","page","type-page","status-publish","hentry"],"yoast_head":"<!-- This site is optimized with the Yoast SEO plugin v27.2 - https:\/\/yoast.com\/product\/yoast-seo-wordpress\/ -->\n<title>Legal Notice Atala Hotel Paris Champs \u00c9lys\u00e9es<\/title>\n<meta name=\"description\" content=\"Legal Notice Atala Hotel Paris Champs \u00c9lys\u00e9es\" \/>\n<meta name=\"robots\" content=\"noindex, nofollow\" \/>\n<meta property=\"og:locale\" content=\"en_US\" \/>\n<meta property=\"og:type\" content=\"article\" \/>\n<meta property=\"og:title\" content=\"Legal Notice Atala Hotel Paris Champs \u00c9lys\u00e9es\" \/>\n<meta property=\"og:description\" content=\"Legal Notice Atala Hotel Paris Champs \u00c9lys\u00e9es\" \/>\n<meta property=\"og:url\" content=\"https:\/\/www.hotel-atala.com\/en\/legal-notices\/\" \/>\n<meta property=\"og:site_name\" content=\"Hotel Paris Champs Elys\u00e9es - Bienvenue : H\u00f4tel Atala, Paris - Atala ****\" \/>\n<meta property=\"article:publisher\" content=\"https:\/\/www.facebook.com\/hotel.atala\" \/>\n<meta property=\"article:modified_time\" content=\"2026-02-06T09:53:29+00:00\" \/>\n<meta property=\"og:image\" content=\"https:\/\/i0.wp.com\/www.hotel-atala.com\/wp-content\/uploads\/2026\/02\/atala-hotel-1200x675-1.png?fit=1200%2C675&ssl=1\" \/>\n\t<meta property=\"og:image:width\" content=\"1200\" \/>\n\t<meta property=\"og:image:height\" content=\"675\" \/>\n\t<meta property=\"og:image:type\" content=\"image\/png\" \/>\n<meta name=\"twitter:label1\" content=\"Est. reading time\" \/>\n\t<meta name=\"twitter:data1\" content=\"6 minutes\" \/>\n<script type=\"application\/ld+json\" class=\"yoast-schema-graph\">{\"@context\":\"https:\/\/schema.org\",\"@graph\":[{\"@type\":\"WebPage\",\"@id\":\"https:\/\/www.hotel-atala.com\/en\/legal-notices\/\",\"url\":\"https:\/\/www.hotel-atala.com\/en\/legal-notices\/\",\"name\":\"Legal Notice Atala Hotel Paris Champs \u00c9lys\u00e9es\",\"isPartOf\":{\"@id\":\"https:\/\/www.hotel-atala.com\/#website\"},\"datePublished\":\"2026-02-06T09:53:28+00:00\",\"dateModified\":\"2026-02-06T09:53:29+00:00\",\"description\":\"Legal Notice Atala Hotel Paris Champs \u00c9lys\u00e9es\",\"breadcrumb\":{\"@id\":\"https:\/\/www.hotel-atala.com\/en\/legal-notices\/#breadcrumb\"},\"inLanguage\":\"en-US\",\"potentialAction\":[{\"@type\":\"ReadAction\",\"target\":[\"https:\/\/www.hotel-atala.com\/en\/legal-notices\/\"]}]},{\"@type\":\"BreadcrumbList\",\"@id\":\"https:\/\/www.hotel-atala.com\/en\/legal-notices\/#breadcrumb\",\"itemListElement\":[{\"@type\":\"ListItem\",\"position\":1,\"name\":\"Accueil\",\"item\":\"https:\/\/www.hotel-atala.com\/en\/home\/\"},{\"@type\":\"ListItem\",\"position\":2,\"name\":\"Legal notices\"}]},{\"@type\":\"WebSite\",\"@id\":\"https:\/\/www.hotel-atala.com\/#website\",\"url\":\"https:\/\/www.hotel-atala.com\/\",\"name\":\"H\u00f4tel Atala - Paris Champs Elys\u00e9es\",\"description\":\"\",\"publisher\":{\"@id\":\"https:\/\/www.hotel-atala.com\/#organization\"},\"potentialAction\":[{\"@type\":\"SearchAction\",\"target\":{\"@type\":\"EntryPoint\",\"urlTemplate\":\"https:\/\/www.hotel-atala.com\/?s={search_term_string}\"},\"query-input\":{\"@type\":\"PropertyValueSpecification\",\"valueRequired\":true,\"valueName\":\"search_term_string\"}}],\"inLanguage\":\"en-US\"},{\"@type\":\"Organization\",\"@id\":\"https:\/\/www.hotel-atala.com\/#organization\",\"name\":\"H\u00f4tel Atala Paris\",\"url\":\"https:\/\/www.hotel-atala.com\/\",\"logo\":{\"@type\":\"ImageObject\",\"inLanguage\":\"en-US\",\"@id\":\"https:\/\/www.hotel-atala.com\/#\/schema\/logo\/image\/\",\"url\":\"https:\/\/www.hotel-atala.com\/wp-content\/uploads\/2026\/01\/atala-hotel-logo-light.svg\",\"contentUrl\":\"https:\/\/www.hotel-atala.com\/wp-content\/uploads\/2026\/01\/atala-hotel-logo-light.svg\",\"width\":240,\"height\":60,\"caption\":\"H\u00f4tel Atala Paris\"},\"image\":{\"@id\":\"https:\/\/www.hotel-atala.com\/#\/schema\/logo\/image\/\"},\"sameAs\":[\"https:\/\/www.facebook.com\/hotel.atala\",\"https:\/\/x.com\/hotelatala\",\"https:\/\/www.instagram.com\/hotel_atala\/\"]}]}<\/script>\n<!-- \/ Yoast SEO plugin. -->","yoast_head_json":{"title":"Legal Notice Atala Hotel Paris Champs \u00c9lys\u00e9es","description":"Legal Notice Atala Hotel Paris Champs \u00c9lys\u00e9es","robots":{"index":"noindex","follow":"nofollow"},"og_locale":"en_US","og_type":"article","og_title":"Legal Notice Atala Hotel Paris Champs \u00c9lys\u00e9es","og_description":"Legal Notice Atala Hotel Paris Champs \u00c9lys\u00e9es","og_url":"https:\/\/www.hotel-atala.com\/en\/legal-notices\/","og_site_name":"Hotel Paris Champs Elys\u00e9es - Bienvenue : H\u00f4tel Atala, Paris - Atala ****","article_publisher":"https:\/\/www.facebook.com\/hotel.atala","article_modified_time":"2026-02-06T09:53:29+00:00","og_image":[{"width":1200,"height":675,"url":"https:\/\/i0.wp.com\/www.hotel-atala.com\/wp-content\/uploads\/2026\/02\/atala-hotel-1200x675-1.png?fit=1200%2C675&ssl=1","type":"image\/png"}],"twitter_misc":{"Est. reading time":"6 minutes"},"schema":{"@context":"https:\/\/schema.org","@graph":[{"@type":"WebPage","@id":"https:\/\/www.hotel-atala.com\/en\/legal-notices\/","url":"https:\/\/www.hotel-atala.com\/en\/legal-notices\/","name":"Legal Notice Atala Hotel Paris Champs \u00c9lys\u00e9es","isPartOf":{"@id":"https:\/\/www.hotel-atala.com\/#website"},"datePublished":"2026-02-06T09:53:28+00:00","dateModified":"2026-02-06T09:53:29+00:00","description":"Legal Notice Atala Hotel Paris Champs \u00c9lys\u00e9es","breadcrumb":{"@id":"https:\/\/www.hotel-atala.com\/en\/legal-notices\/#breadcrumb"},"inLanguage":"en-US","potentialAction":[{"@type":"ReadAction","target":["https:\/\/www.hotel-atala.com\/en\/legal-notices\/"]}]},{"@type":"BreadcrumbList","@id":"https:\/\/www.hotel-atala.com\/en\/legal-notices\/#breadcrumb","itemListElement":[{"@type":"ListItem","position":1,"name":"Accueil","item":"https:\/\/www.hotel-atala.com\/en\/home\/"},{"@type":"ListItem","position":2,"name":"Legal notices"}]},{"@type":"WebSite","@id":"https:\/\/www.hotel-atala.com\/#website","url":"https:\/\/www.hotel-atala.com\/","name":"H\u00f4tel Atala - Paris Champs Elys\u00e9es","description":"","publisher":{"@id":"https:\/\/www.hotel-atala.com\/#organization"},"potentialAction":[{"@type":"SearchAction","target":{"@type":"EntryPoint","urlTemplate":"https:\/\/www.hotel-atala.com\/?s={search_term_string}"},"query-input":{"@type":"PropertyValueSpecification","valueRequired":true,"valueName":"search_term_string"}}],"inLanguage":"en-US"},{"@type":"Organization","@id":"https:\/\/www.hotel-atala.com\/#organization","name":"H\u00f4tel Atala Paris","url":"https:\/\/www.hotel-atala.com\/","logo":{"@type":"ImageObject","inLanguage":"en-US","@id":"https:\/\/www.hotel-atala.com\/#\/schema\/logo\/image\/","url":"https:\/\/www.hotel-atala.com\/wp-content\/uploads\/2026\/01\/atala-hotel-logo-light.svg","contentUrl":"https:\/\/www.hotel-atala.com\/wp-content\/uploads\/2026\/01\/atala-hotel-logo-light.svg","width":240,"height":60,"caption":"H\u00f4tel Atala Paris"},"image":{"@id":"https:\/\/www.hotel-atala.com\/#\/schema\/logo\/image\/"},"sameAs":["https:\/\/www.facebook.com\/hotel.atala","https:\/\/x.com\/hotelatala","https:\/\/www.instagram.com\/hotel_atala\/"]}]}},"_links":{"self":[{"href":"https:\/\/www.hotel-atala.com\/en\/wp-json\/wp\/v2\/pages\/4948","targetHints":{"allow":["GET"]}}],"collection":[{"href":"https:\/\/www.hotel-atala.com\/en\/wp-json\/wp\/v2\/pages"}],"about":[{"href":"https:\/\/www.hotel-atala.com\/en\/wp-json\/wp\/v2\/types\/page"}],"author":[{"embeddable":true,"href":"https:\/\/www.hotel-atala.com\/en\/wp-json\/wp\/v2\/users\/1"}],"replies":[{"embeddable":true,"href":"https:\/\/www.hotel-atala.com\/en\/wp-json\/wp\/v2\/comments?post=4948"}],"version-history":[{"count":1,"href":"https:\/\/www.hotel-atala.com\/en\/wp-json\/wp\/v2\/pages\/4948\/revisions"}],"predecessor-version":[{"id":4949,"href":"https:\/\/www.hotel-atala.com\/en\/wp-json\/wp\/v2\/pages\/4948\/revisions\/4949"}],"wp:attachment":[{"href":"https:\/\/www.hotel-atala.com\/en\/wp-json\/wp\/v2\/media?parent=4948"}],"curies":[{"name":"wp","href":"https:\/\/api.w.org\/{rel}","templated":true}]}}